{"id":9118,"date":"2025-09-16T15:24:14","date_gmt":"2025-09-16T12:24:14","guid":{"rendered":"https:\/\/centriplus.com\/?page_id=9118"},"modified":"2025-09-16T15:47:57","modified_gmt":"2025-09-16T12:47:57","slug":"gea-santrifuj-yedek-parca","status":"publish","type":"page","link":"https:\/\/centriplus.com\/tr\/gea-santrifuj-yedek-parca\/","title":{"rendered":"GEA Santrif\u00fcj Yedek Par\u00e7a"},"content":{"rendered":"[vc_row type=&#8221;in_container&#8221; full_screen_row_position=&#8221;middle&#8221; column_margin=&#8221;default&#8221; column_direction=&#8221;default&#8221; column_direction_tablet=&#8221;default&#8221; column_direction_phone=&#8221;default&#8221; scene_position=&#8221;center&#8221; text_color=&#8221;dark&#8221; text_align=&#8221;left&#8221; row_border_radius=&#8221;none&#8221; row_border_radius_applies=&#8221;bg&#8221; overflow=&#8221;visible&#8221; overlay_strength=&#8221;0.3&#8243; gradient_direction=&#8221;left_to_right&#8221; shape_divider_position=&#8221;bottom&#8221; bg_image_animation=&#8221;none&#8221;][vc_column column_padding=&#8221;no-extra-padding&#8221; column_padding_tablet=&#8221;inherit&#8221; column_padding_phone=&#8221;inherit&#8221; column_padding_position=&#8221;all&#8221; column_element_direction_desktop=&#8221;default&#8221; column_element_spacing=&#8221;default&#8221; desktop_text_alignment=&#8221;default&#8221; tablet_text_alignment=&#8221;default&#8221; phone_text_alignment=&#8221;default&#8221; background_color_opacity=&#8221;1&#8243; background_hover_color_opacity=&#8221;1&#8243; column_backdrop_filter=&#8221;none&#8221; column_shadow=&#8221;none&#8221; column_border_radius=&#8221;none&#8221; column_link_target=&#8221;_self&#8221; column_position=&#8221;default&#8221; gradient_direction=&#8221;left_to_right&#8221; overlay_strength=&#8221;0.3&#8243; width=&#8221;1\/2&#8243; tablet_width_inherit=&#8221;default&#8221; animation_type=&#8221;default&#8221; bg_image_animation=&#8221;none&#8221; border_type=&#8221;simple&#8221; column_border_width=&#8221;none&#8221; column_border_style=&#8221;solid&#8221;][vc_custom_heading text=&#8221;GEA Santrif\u00fcj Yedek Par\u00e7a&#8221; font_container=&#8221;tag:h1|text_align:left&#8221; use_theme_fonts=&#8221;yes&#8221; css=&#8221;&#8221;][vc_column_text css=&#8221;&#8221; text_direction=&#8221;default&#8221;]\n<p data-start=\"190\" data-end=\"451\"><strong data-start=\"190\" data-end=\"219\">GEA santrif\u00fcj yedek par\u00e7a<\/strong> se\u00e7iminde do\u011fru tercihler, sisteminizin maksimum performans ve g\u00fcvenilirlikle \u00e7al\u0131\u015fmas\u0131n\u0131 sa\u011flar. Makine par\u00e7alar\u0131n\u0131z\u0131n ayr\u0131nt\u0131l\u0131 bir \u00f6n analizini ger\u00e7ekle\u015ftirerek, tamamen ihtiya\u00e7lar\u0131n\u0131za uygun \u00f6zel \u00e7\u00f6z\u00fcm paketleri haz\u0131rl\u0131yoruz.<\/p>\n<p data-start=\"453\" data-end=\"670\">Do\u011fru yedek par\u00e7alar\u0131n tercih edilmesi, santrif\u00fcj\u00fcn\u00fcz\u00fcn hem performans\u0131n\u0131 hem de dayan\u0131kl\u0131l\u0131\u011f\u0131n\u0131 art\u0131r\u0131r. Her ekipman i\u00e7in geli\u015ftirdi\u011fimiz \u00f6zel \u00e7\u00f6z\u00fcmler, cihaz\u0131n\u0131z\u0131n gereksinimlerini tam olarak kar\u015f\u0131lamay\u0131 hedefler.<\/p>\n<p data-start=\"672\" data-end=\"1036\">Ayr\u0131ca, h\u0131zl\u0131 ve kesintisiz destek sunabilmek i\u00e7in geni\u015f kapsaml\u0131 birinci s\u0131n\u0131f yedek par\u00e7a sto\u011fu bulunduruyoruz. Bu sayede ihtiya\u00e7 duydu\u011funuz par\u00e7alar\u0131 k\u0131sa s\u00fcrede temin ederek duru\u015f s\u00fcrelerini en aza indiriyor, \u00fcretim s\u00fcreklili\u011finizi koruyoruz. T\u00fcm par\u00e7alar, y\u00fcksek kalite standartlar\u0131na uygun olarak titizlikle se\u00e7ilir ve uzun vadeli verimlili\u011fe katk\u0131 sa\u011flar.<\/p>\n<p data-start=\"1038\" data-end=\"1420\">Centriplus olarak sundu\u011fumuz yedek par\u00e7alar, s\u00fcrekli geli\u015ftirmeler \u00fczerinde \u00e7al\u0131\u015fan Ar-Ge ekibimizin katk\u0131s\u0131yla her zaman teknolojinin \u00f6n saf\u0131nda yer al\u0131r. \u00dcr\u00fcnlerimizin y\u00fcksek kalite seviyesini korumak ad\u0131na s\u0131k\u0131 kalite kontrol s\u00fcre\u00e7leri uygular ve m\u00fc\u015fterilerimize kapsaml\u0131 garanti imk\u00e2n\u0131 sunar\u0131z. B\u00f6ylece, g\u00fcvenilir ve s\u00fcrd\u00fcr\u00fclebilir \u00e7\u00f6z\u00fcmlerle ekipmanlar\u0131n\u0131z\u0131n \u00f6mr\u00fcn\u00fc uzat\u0131r\u0131z.<\/p>\n<p>Ayr\u0131ca t\u00fcm santrif\u00fcj ve dekant\u00f6r yedek par\u00e7a ve hizmetleri i\u00e7in bu <a href=\"https:\/\/centriplus.com\/tr\/hizmetlerimiz\/\">sayfam\u0131z\u0131<\/a> ziyaret edebilirsiniz.<\/p>\n[\/vc_column_text][\/vc_column][vc_column column_padding=&#8221;no-extra-padding&#8221; column_padding_tablet=&#8221;inherit&#8221; column_padding_phone=&#8221;inherit&#8221; column_padding_position=&#8221;all&#8221; column_element_direction_desktop=&#8221;default&#8221; column_element_spacing=&#8221;default&#8221; desktop_text_alignment=&#8221;default&#8221; tablet_text_alignment=&#8221;default&#8221; phone_text_alignment=&#8221;default&#8221; background_color_opacity=&#8221;1&#8243; background_hover_color_opacity=&#8221;1&#8243; column_backdrop_filter=&#8221;none&#8221; column_shadow=&#8221;none&#8221; column_border_radius=&#8221;none&#8221; column_link_target=&#8221;_self&#8221; column_position=&#8221;default&#8221; gradient_direction=&#8221;left_to_right&#8221; overlay_strength=&#8221;0.3&#8243; width=&#8221;1\/2&#8243; tablet_width_inherit=&#8221;default&#8221; animation_type=&#8221;default&#8221; bg_image_animation=&#8221;none&#8221; border_type=&#8221;simple&#8221; column_border_width=&#8221;none&#8221; column_border_style=&#8221;solid&#8221;][image_with_animation image_url=&#8221;9121&#8243; image_size=&#8221;full&#8221; animation_type=&#8221;entrance&#8221; animation=&#8221;None&#8221; animation_movement_type=&#8221;transform_y&#8221; hover_animation=&#8221;none&#8221; alignment=&#8221;&#8221; border_radius=&#8221;none&#8221; box_shadow=&#8221;none&#8221; image_loading=&#8221;default&#8221; max_width=&#8221;100%&#8221; max_width_mobile=&#8221;default&#8221;][\/vc_column][\/vc_row]\n","protected":false},"excerpt":{"rendered":"<p>[vc_row type=&#8221;in_container&#8221; full_screen_row_position=&#8221;middle&#8221; column_margin=&#8221;default&#8221; column_direction=&#8221;default&#8221; column_direction_tablet=&#8221;default&#8221; column_direction_phone=&#8221;default&#8221; scene_position=&#8221;center&#8221; text_color=&#8221;dark&#8221; text_align=&#8221;left&#8221; row_border_radius=&#8221;none&#8221; row_border_radius_applies=&#8221;bg&#8221; overflow=&#8221;visible&#8221; overlay_strength=&#8221;0.3&#8243; gradient_direction=&#8221;left_to_right&#8221;&#8230;<\/p>\n","protected":false},"author":1,"featured_media":0,"parent":0,"menu_order":0,"comment_status":"closed","ping_status":"closed","template":"","meta":{"footnotes":""},"class_list":["post-9118","page","type-page","status-publish"],"yoast_head":"<!-- This site is optimized with the Yoast SEO plugin v27.5 - https:\/\/yoast.com\/product\/yoast-seo-wordpress\/ -->\n<title>GEA Santrif\u00fcj Yedek Par\u00e7a - Centriplus | Keep Producing Plus Value<\/title>\n<meta name=\"description\" content=\"GEA Santrif\u00fcj Yedek Par\u00e7a | Santrif\u00fcj ekipman\u0131n\u0131z i\u00e7in se\u00e7ilecek olan do\u011fru par\u00e7a, en y\u00fcksek performans\u0131 ve g\u00fcvenilirli\u011fi sa\u011flayacakt\u0131r.\" \/>\n<meta name=\"robots\" content=\"index, follow, max-snippet:-1, max-image-preview:large, max-video-preview:-1\" \/>\n<link rel=\"canonical\" href=\"https:\/\/centriplus.com\/tr\/gea-santrifuj-yedek-parca\/\" \/>\n<meta property=\"og:locale\" content=\"tr_TR\" \/>\n<meta property=\"og:type\" content=\"article\" \/>\n<meta property=\"og:title\" content=\"GEA Santrif\u00fcj Yedek Par\u00e7a - Centriplus | Keep Producing Plus Value\" \/>\n<meta property=\"og:description\" content=\"GEA Santrif\u00fcj Yedek Par\u00e7a | Santrif\u00fcj ekipman\u0131n\u0131z i\u00e7in se\u00e7ilecek olan do\u011fru par\u00e7a, en y\u00fcksek performans\u0131 ve g\u00fcvenilirli\u011fi sa\u011flayacakt\u0131r.\" \/>\n<meta property=\"og:url\" content=\"https:\/\/centriplus.com\/tr\/gea-santrifuj-yedek-parca\/\" \/>\n<meta property=\"og:site_name\" content=\"Centriplus | Keep Producing Plus Value\" \/>\n<meta property=\"article:publisher\" content=\"https:\/\/www.facebook.com\/centriplusglobal\" \/>\n<meta property=\"article:modified_time\" content=\"2025-09-16T12:47:57+00:00\" \/>\n<meta property=\"og:image\" content=\"https:\/\/centriplus.com\/wp-content\/uploads\/2024\/08\/centriplus-web-site-image.jpg\" \/>\n\t<meta property=\"og:image:width\" content=\"1200\" \/>\n\t<meta property=\"og:image:height\" content=\"675\" \/>\n\t<meta property=\"og:image:type\" content=\"image\/jpeg\" \/>\n<meta name=\"twitter:card\" content=\"summary_large_image\" \/>\n<meta name=\"twitter:label1\" content=\"Tahmini okuma s\u00fcresi\" \/>\n\t<meta name=\"twitter:data1\" content=\"2 dakika\" \/>\n<script type=\"application\/ld+json\" class=\"yoast-schema-graph\">{\"@context\":\"https:\\\/\\\/schema.org\",\"@graph\":[{\"@type\":\"WebPage\",\"@id\":\"https:\\\/\\\/centriplus.com\\\/tr\\\/gea-santrifuj-yedek-parca\\\/\",\"url\":\"https:\\\/\\\/centriplus.com\\\/tr\\\/gea-santrifuj-yedek-parca\\\/\",\"name\":\"GEA Santrif\u00fcj Yedek Par\u00e7a - Centriplus | Keep Producing Plus Value\",\"isPartOf\":{\"@id\":\"https:\\\/\\\/centriplus.com\\\/tr\\\/#website\"},\"datePublished\":\"2025-09-16T12:24:14+00:00\",\"dateModified\":\"2025-09-16T12:47:57+00:00\",\"description\":\"GEA Santrif\u00fcj Yedek Par\u00e7a | Santrif\u00fcj ekipman\u0131n\u0131z i\u00e7in se\u00e7ilecek olan do\u011fru par\u00e7a, en y\u00fcksek performans\u0131 ve g\u00fcvenilirli\u011fi sa\u011flayacakt\u0131r.\",\"breadcrumb\":{\"@id\":\"https:\\\/\\\/centriplus.com\\\/tr\\\/gea-santrifuj-yedek-parca\\\/#breadcrumb\"},\"inLanguage\":\"tr\",\"potentialAction\":[{\"@type\":\"ReadAction\",\"target\":[\"https:\\\/\\\/centriplus.com\\\/tr\\\/gea-santrifuj-yedek-parca\\\/\"]}]},{\"@type\":\"BreadcrumbList\",\"@id\":\"https:\\\/\\\/centriplus.com\\\/tr\\\/gea-santrifuj-yedek-parca\\\/#breadcrumb\",\"itemListElement\":[{\"@type\":\"ListItem\",\"position\":1,\"name\":\"Home\",\"item\":\"https:\\\/\\\/centriplus.com\\\/tr\\\/\"},{\"@type\":\"ListItem\",\"position\":2,\"name\":\"GEA Santrif\u00fcj Yedek Par\u00e7a\"}]},{\"@type\":\"WebSite\",\"@id\":\"https:\\\/\\\/centriplus.com\\\/tr\\\/#website\",\"url\":\"https:\\\/\\\/centriplus.com\\\/tr\\\/\",\"name\":\"Centriplus | Keep Producing Plus Value\",\"description\":\"\",\"publisher\":{\"@id\":\"https:\\\/\\\/centriplus.com\\\/tr\\\/#organization\"},\"potentialAction\":[{\"@type\":\"SearchAction\",\"target\":{\"@type\":\"EntryPoint\",\"urlTemplate\":\"https:\\\/\\\/centriplus.com\\\/tr\\\/?s={search_term_string}\"},\"query-input\":{\"@type\":\"PropertyValueSpecification\",\"valueRequired\":true,\"valueName\":\"search_term_string\"}}],\"inLanguage\":\"tr\"},{\"@type\":\"Organization\",\"@id\":\"https:\\\/\\\/centriplus.com\\\/tr\\\/#organization\",\"name\":\"Centriplus | Keep Producing Plus Value\",\"url\":\"https:\\\/\\\/centriplus.com\\\/tr\\\/\",\"logo\":{\"@type\":\"ImageObject\",\"inLanguage\":\"tr\",\"@id\":\"https:\\\/\\\/centriplus.com\\\/tr\\\/#\\\/schema\\\/logo\\\/image\\\/\",\"url\":\"https:\\\/\\\/centriplus.com\\\/wp-content\\\/uploads\\\/2024\\\/08\\\/centriplus-company-logo.jpg\",\"contentUrl\":\"https:\\\/\\\/centriplus.com\\\/wp-content\\\/uploads\\\/2024\\\/08\\\/centriplus-company-logo.jpg\",\"width\":512,\"height\":512,\"caption\":\"Centriplus | Keep Producing Plus Value\"},\"image\":{\"@id\":\"https:\\\/\\\/centriplus.com\\\/tr\\\/#\\\/schema\\\/logo\\\/image\\\/\"},\"sameAs\":[\"https:\\\/\\\/www.facebook.com\\\/centriplusglobal\",\"https:\\\/\\\/www.instagram.com\\\/centriplusseptech\\\/\"]}]}<\/script>\n<!-- \/ Yoast SEO plugin. -->","yoast_head_json":{"title":"GEA Santrif\u00fcj Yedek Par\u00e7a - Centriplus | Keep Producing Plus Value","description":"GEA Santrif\u00fcj Yedek Par\u00e7a | Santrif\u00fcj ekipman\u0131n\u0131z i\u00e7in se\u00e7ilecek olan do\u011fru par\u00e7a, en y\u00fcksek performans\u0131 ve g\u00fcvenilirli\u011fi sa\u011flayacakt\u0131r.","robots":{"index":"index","follow":"follow","max-snippet":"max-snippet:-1","max-image-preview":"max-image-preview:large","max-video-preview":"max-video-preview:-1"},"canonical":"https:\/\/centriplus.com\/tr\/gea-santrifuj-yedek-parca\/","og_locale":"tr_TR","og_type":"article","og_title":"GEA Santrif\u00fcj Yedek Par\u00e7a - Centriplus | Keep Producing Plus Value","og_description":"GEA Santrif\u00fcj Yedek Par\u00e7a | Santrif\u00fcj ekipman\u0131n\u0131z i\u00e7in se\u00e7ilecek olan do\u011fru par\u00e7a, en y\u00fcksek performans\u0131 ve g\u00fcvenilirli\u011fi sa\u011flayacakt\u0131r.","og_url":"https:\/\/centriplus.com\/tr\/gea-santrifuj-yedek-parca\/","og_site_name":"Centriplus | Keep Producing Plus Value","article_publisher":"https:\/\/www.facebook.com\/centriplusglobal","article_modified_time":"2025-09-16T12:47:57+00:00","og_image":[{"width":1200,"height":675,"url":"https:\/\/centriplus.com\/wp-content\/uploads\/2024\/08\/centriplus-web-site-image.jpg","type":"image\/jpeg"}],"twitter_card":"summary_large_image","twitter_misc":{"Tahmini okuma s\u00fcresi":"2 dakika"},"schema":{"@context":"https:\/\/schema.org","@graph":[{"@type":"WebPage","@id":"https:\/\/centriplus.com\/tr\/gea-santrifuj-yedek-parca\/","url":"https:\/\/centriplus.com\/tr\/gea-santrifuj-yedek-parca\/","name":"GEA Santrif\u00fcj Yedek Par\u00e7a - Centriplus | Keep Producing Plus Value","isPartOf":{"@id":"https:\/\/centriplus.com\/tr\/#website"},"datePublished":"2025-09-16T12:24:14+00:00","dateModified":"2025-09-16T12:47:57+00:00","description":"GEA Santrif\u00fcj Yedek Par\u00e7a | Santrif\u00fcj ekipman\u0131n\u0131z i\u00e7in se\u00e7ilecek olan do\u011fru par\u00e7a, en y\u00fcksek performans\u0131 ve g\u00fcvenilirli\u011fi sa\u011flayacakt\u0131r.","breadcrumb":{"@id":"https:\/\/centriplus.com\/tr\/gea-santrifuj-yedek-parca\/#breadcrumb"},"inLanguage":"tr","potentialAction":[{"@type":"ReadAction","target":["https:\/\/centriplus.com\/tr\/gea-santrifuj-yedek-parca\/"]}]},{"@type":"BreadcrumbList","@id":"https:\/\/centriplus.com\/tr\/gea-santrifuj-yedek-parca\/#breadcrumb","itemListElement":[{"@type":"ListItem","position":1,"name":"Home","item":"https:\/\/centriplus.com\/tr\/"},{"@type":"ListItem","position":2,"name":"GEA Santrif\u00fcj Yedek Par\u00e7a"}]},{"@type":"WebSite","@id":"https:\/\/centriplus.com\/tr\/#website","url":"https:\/\/centriplus.com\/tr\/","name":"Centriplus | Keep Producing Plus Value","description":"","publisher":{"@id":"https:\/\/centriplus.com\/tr\/#organization"},"potentialAction":[{"@type":"SearchAction","target":{"@type":"EntryPoint","urlTemplate":"https:\/\/centriplus.com\/tr\/?s={search_term_string}"},"query-input":{"@type":"PropertyValueSpecification","valueRequired":true,"valueName":"search_term_string"}}],"inLanguage":"tr"},{"@type":"Organization","@id":"https:\/\/centriplus.com\/tr\/#organization","name":"Centriplus | Keep Producing Plus Value","url":"https:\/\/centriplus.com\/tr\/","logo":{"@type":"ImageObject","inLanguage":"tr","@id":"https:\/\/centriplus.com\/tr\/#\/schema\/logo\/image\/","url":"https:\/\/centriplus.com\/wp-content\/uploads\/2024\/08\/centriplus-company-logo.jpg","contentUrl":"https:\/\/centriplus.com\/wp-content\/uploads\/2024\/08\/centriplus-company-logo.jpg","width":512,"height":512,"caption":"Centriplus | Keep Producing Plus Value"},"image":{"@id":"https:\/\/centriplus.com\/tr\/#\/schema\/logo\/image\/"},"sameAs":["https:\/\/www.facebook.com\/centriplusglobal","https:\/\/www.instagram.com\/centriplusseptech\/"]}]}},"_links":{"self":[{"href":"https:\/\/centriplus.com\/tr\/wp-json\/wp\/v2\/pages\/9118","targetHints":{"allow":["GET"]}}],"collection":[{"href":"https:\/\/centriplus.com\/tr\/wp-json\/wp\/v2\/pages"}],"about":[{"href":"https:\/\/centriplus.com\/tr\/wp-json\/wp\/v2\/types\/page"}],"author":[{"embeddable":true,"href":"https:\/\/centriplus.com\/tr\/wp-json\/wp\/v2\/users\/1"}],"replies":[{"embeddable":true,"href":"https:\/\/centriplus.com\/tr\/wp-json\/wp\/v2\/comments?post=9118"}],"version-history":[{"count":4,"href":"https:\/\/centriplus.com\/tr\/wp-json\/wp\/v2\/pages\/9118\/revisions"}],"predecessor-version":[{"id":9131,"href":"https:\/\/centriplus.com\/tr\/wp-json\/wp\/v2\/pages\/9118\/revisions\/9131"}],"wp:attachment":[{"href":"https:\/\/centriplus.com\/tr\/wp-json\/wp\/v2\/media?parent=9118"}],"curies":[{"name":"wp","href":"https:\/\/api.w.org\/{rel}","templated":true}]}}