{"id":8758,"date":"2025-04-17T01:07:39","date_gmt":"2025-04-16T22:07:39","guid":{"rendered":"https:\/\/centriplus.com\/frequently-asked-questions\/"},"modified":"2025-08-23T18:08:26","modified_gmt":"2025-08-23T15:08:26","slug":"foire-aux-questions","status":"publish","type":"page","link":"https:\/\/centriplus.com\/fr\/foire-aux-questions\/","title":{"rendered":"Foire Aux Questions"},"content":{"rendered":"[vc_row type=\u00a0\u00bbfull_width_background\u00a0\u00bb full_screen_row_position=\u00a0\u00bbmiddle\u00a0\u00bb column_margin=\u00a0\u00bbdefault\u00a0\u00bb column_direction=\u00a0\u00bbdefault\u00a0\u00bb column_direction_tablet=\u00a0\u00bbdefault\u00a0\u00bb column_direction_phone=\u00a0\u00bbdefault\u00a0\u00bb bg_color=\u00a0\u00bb#f7f7f7&Prime; scene_position=\u00a0\u00bbcenter\u00a0\u00bb top_padding=\u00a0\u00bb100&Prime; bottom_padding=\u00a0\u00bb100&Prime; text_color=\u00a0\u00bbdark\u00a0\u00bb text_align=\u00a0\u00bbleft\u00a0\u00bb row_border_radius=\u00a0\u00bbnone\u00a0\u00bb row_border_radius_applies=\u00a0\u00bbbg\u00a0\u00bb overflow=\u00a0\u00bbvisible\u00a0\u00bb overlay_strength=\u00a0\u00bb0.3&Prime; gradient_direction=\u00a0\u00bbleft_to_right\u00a0\u00bb shape_divider_position=\u00a0\u00bbbottom\u00a0\u00bb bg_image_animation=\u00a0\u00bbnone\u00a0\u00bb][vc_column column_padding=\u00a0\u00bbno-extra-padding\u00a0\u00bb column_padding_tablet=\u00a0\u00bbinherit\u00a0\u00bb column_padding_phone=\u00a0\u00bbinherit\u00a0\u00bb column_padding_position=\u00a0\u00bball\u00a0\u00bb column_element_direction_desktop=\u00a0\u00bbdefault\u00a0\u00bb column_element_spacing=\u00a0\u00bbdefault\u00a0\u00bb desktop_text_alignment=\u00a0\u00bbdefault\u00a0\u00bb tablet_text_alignment=\u00a0\u00bbdefault\u00a0\u00bb phone_text_alignment=\u00a0\u00bbdefault\u00a0\u00bb background_color_opacity=\u00a0\u00bb1&Prime; background_hover_color_opacity=\u00a0\u00bb1&Prime; column_backdrop_filter=\u00a0\u00bbnone\u00a0\u00bb column_shadow=\u00a0\u00bbnone\u00a0\u00bb column_border_radius=\u00a0\u00bbnone\u00a0\u00bb column_link_target=\u00a0\u00bb_self\u00a0\u00bb column_position=\u00a0\u00bbdefault\u00a0\u00bb gradient_direction=\u00a0\u00bbleft_to_right\u00a0\u00bb overlay_strength=\u00a0\u00bb0.3&Prime; width=\u00a0\u00bb1\/1&Prime; tablet_width_inherit=\u00a0\u00bbdefault\u00a0\u00bb animation_type=\u00a0\u00bbdefault\u00a0\u00bb bg_image_animation=\u00a0\u00bbnone\u00a0\u00bb border_type=\u00a0\u00bbsimple\u00a0\u00bb column_border_width=\u00a0\u00bbnone\u00a0\u00bb column_border_style=\u00a0\u00bbsolid\u00a0\u00bb][vc_column_text css=\u00a0\u00bb\u00a0\u00bb text_direction=\u00a0\u00bbdefault\u00a0\u00bb]\n<h2>Foire Aux Questions<\/h2>\n[\/vc_column_text][toggles style=\u00a0\u00bbminimal\u00a0\u00bb][toggle color=\u00a0\u00bbDefault\u00a0\u00bb heading_tag=\u00a0\u00bbh3&Prime; heading_tag_functionality=\u00a0\u00bbdefault\u00a0\u00bb title=\u00a0\u00bbQuels sont les types de pi\u00e8ces d\u00e9tach\u00e9es propos\u00e9s par Centriplus ?\u00a0\u00bb][vc_column_text css=\u00a0\u00bb\u00a0\u00bb text_direction=\u00a0\u00bbdefault\u00a0\u00bb]Centriplus fournit et r\u00e9pare des pi\u00e8ces d\u00e9tach\u00e9es pour tous les types de s\u00e9parateurs centrifuges, ind\u00e9pendamment de la marque ou du mod\u00e8le. Notre gamme comprend des arbres, des composants de bo\u00eetes de vitesses, des pistons, des bols, des \u00e9l\u00e9ments d&rsquo;\u00e9tanch\u00e9it\u00e9, des paliers, des kits de maintenance, des logiciels et des \u00e9quipements d&rsquo;automatisation, et bien d&rsquo;autres choses encore. Si vous souhaitez obtenir plus de d\u00e9tails sur notre r\u00e9seau d&rsquo;approvisionnement, n&rsquo;h\u00e9sitez pas \u00e0 nous contacter.<br \/>\n[\/vc_column_text][\/toggle][toggle color=\u00a0\u00bbDefault\u00a0\u00bb heading_tag=\u00a0\u00bbdefault\u00a0\u00bb heading_tag_functionality=\u00a0\u00bbdefault\u00a0\u00bb title=\u00a0\u00bbQuel est le niveau d&rsquo;expertise et de qualit\u00e9 offert par Centriplus en mati\u00e8re de pi\u00e8ces d\u00e9tach\u00e9es et de maintenance?\u00a0\u00bb][vc_column_text css=\u00a0\u00bb\u00a0\u00bb text_direction=\u00a0\u00bbdefault\u00a0\u00bb]Gr\u00e2ce \u00e0 sa grande expertise dans la technologie des s\u00e9parateurs centrifuges, Centriplus travaille avec des marques de premier plan telles que GEA, ALFA LAVAL, ANDRITZ, FLOTTWEG, PIERALISI, REDA et SPXFLOW. Nous nous approvisionnons en pi\u00e8ces d\u00e9tach\u00e9es aupr\u00e8s d&rsquo;un r\u00e9seau fiable d&rsquo;\u00e9quipementiers et de fabricants locaux. Nos services de maintenance et de r\u00e9paration sont assur\u00e9s en interne par des ing\u00e9nieurs exp\u00e9riment\u00e9s sp\u00e9cialis\u00e9s dans l&rsquo;industrie.<br \/>\n[\/vc_column_text][\/toggle][toggle color=\u00a0\u00bbDefault\u00a0\u00bb heading_tag=\u00a0\u00bbdefault\u00a0\u00bb heading_tag_functionality=\u00a0\u00bbdefault\u00a0\u00bb title=\u00a0\u00bbComment fonctionne le processus d&rsquo;entretien et de r\u00e9paration ?\u00a0\u00bb][vc_column_text css=\u00a0\u00bb\u00a0\u00bb text_direction=\u00a0\u00bbdefault\u00a0\u00bb]Nos services d&rsquo;entretien et de r\u00e9paration sont adapt\u00e9s aux besoins de votre machine. L&rsquo;entretien de routine &#8211; programm\u00e9 tous les six mois ou tous les ans &#8211; peut \u00eatre effectu\u00e9 directement sur votre site par nos ing\u00e9nieurs experts, \u00e0 condition que les conditions n\u00e9cessaires soient r\u00e9unies. Cela permet de minimiser les temps d&rsquo;arr\u00eat et de garantir le bon d\u00e9roulement des op\u00e9rations.<br \/>\nPour les r\u00e9visions et remises \u00e0 neuf plus importantes, nous effectuons les r\u00e9parations dans nos ateliers sp\u00e9cialis\u00e9s. Gr\u00e2ce \u00e0 une technologie de pointe, nous proc\u00e9dons \u00e0 toutes les r\u00e9visions n\u00e9cessaires, au remplacement des pi\u00e8ces et aux essais avant exp\u00e9dition. Avant de r\u00e9parer, nous fournissons des rapports d\u00e9taill\u00e9s et obtenons l&rsquo;approbation du client avant travaux.<br \/>\n[\/vc_column_text][\/toggle][toggle color=\u00a0\u00bbDefault\u00a0\u00bb heading_tag=\u00a0\u00bbdefault\u00a0\u00bb heading_tag_functionality=\u00a0\u00bbdefault\u00a0\u00bb title=\u00a0\u00bbQuelles sont les r\u00e9gions couvertes par le service sur site de Centriplus ?\u00a0\u00bb][vc_column_text css=\u00a0\u00bb\u00a0\u00bb text_direction=\u00a0\u00bbdefault\u00a0\u00bb]Centriplus offre un service d&rsquo;assistance sur le terrain dans une vaste zone g\u00e9ographique. Avec 25 ing\u00e9nieurs de service bas\u00e9s en Allemagne et en Turquie, nous fournissons un support global. Notre couverture de service peut s&rsquo;\u00e9tendre en fonction des besoins du client et des exigences du projet. Si vous souhaitez en savoir plus, n&rsquo;h\u00e9sitez pas \u00e0 nous contacter.<br \/>\n[\/vc_column_text][\/toggle][toggle color=\u00a0\u00bbDefault\u00a0\u00bb heading_tag=\u00a0\u00bbdefault\u00a0\u00bb heading_tag_functionality=\u00a0\u00bbdefault\u00a0\u00bb title=\u00a0\u00bbQuels sont les principaux avantages de travailler avec Centriplus?\u00a0\u00bb][vc_column_text css=\u00a0\u00bb\u00a0\u00bb text_direction=\u00a0\u00bbdefault\u00a0\u00bb]Chez Centriplus, nous mettons l&rsquo;accent sur la fourniture d&rsquo;un service de qualit\u00e9 sup\u00e9rieure avec plusieurs avantages cl\u00e9s :<\/p>\n<ul>\n<li>Une approche centr\u00e9e sur le client avec un support accessible et fiable<\/li>\n<li>Des normes et des garanties de haute qualit\u00e9 sur les pi\u00e8ces d\u00e9tach\u00e9es et les services.<\/li>\n<li>Des solutions flexibles et sur mesure qui r\u00e9pondent \u00e0 vos besoins sp\u00e9cifiques<\/li>\n<li>Un processus de communication rationalis\u00e9 avec un point de contact unique, rendant la coordination facile et efficace.<\/li>\n<\/ul>\n[\/vc_column_text][\/toggle][toggle color=\u00a0\u00bbDefault\u00a0\u00bb heading_tag=\u00a0\u00bbdefault\u00a0\u00bb heading_tag_functionality=\u00a0\u00bbdefault\u00a0\u00bb title=\u00a0\u00bbCentriplus offre-t-il une assistance d&rsquo;urgence?\u00a0\u00bb][vc_column_text css=\u00a0\u00bb\u00a0\u00bb text_direction=\u00a0\u00bbdefault\u00a0\u00bb]Oui, nous le faisons. Notre service d&rsquo;urgence 24\/7 garantit une r\u00e9ponse rapide et une approche orient\u00e9e vers les solutions de la part de notre \u00e9quipe d&rsquo;experts. Dans les cas urgents, nous fournissons \u00e0 la fois une assistance \u00e0 distance et un service sur site, avec l&rsquo;objectif de se rendre sur place dans les 24 heures, dans la mesure du possible.[\/vc_column_text][\/toggle][toggle color=\u00a0\u00bbDefault\u00a0\u00bb heading_tag=\u00a0\u00bbdefault\u00a0\u00bb heading_tag_functionality=\u00a0\u00bbdefault\u00a0\u00bb title=\u00a0\u00bbQuelles sont les normes de qualit\u00e9 appliqu\u00e9es par Centriplus?\u00a0\u00bb][vc_column_text css=\u00a0\u00bb\u00a0\u00bb text_direction=\u00a0\u00bbdefault\u00a0\u00bb]Centriplus s&rsquo;engage \u00e0 respecter les normes de qualit\u00e9 les plus \u00e9lev\u00e9es. Nous nous conformons aux r\u00e9glementations internationales et d\u00e9tenons les certifications ISO (ISO 9001, ISO 14001, ISO 45001). Notre syst\u00e8me de gestion de la qualit\u00e9 est soutenu par des audits et des processus de contr\u00f4le stricts, garantissant la fiabilit\u00e9 de nos pi\u00e8ces d\u00e9tach\u00e9es et de nos services \u00e0 chaque \u00e9tape.<\/p>\n<p>En tirant continuellement parti de la technologie et du retour d&rsquo;information des clients, nous affinons nos services pour maintenir l&rsquo;excellence et stimuler l&rsquo;innovation.[\/vc_column_text][\/toggle][toggle color=\u00a0\u00bbDefault\u00a0\u00bb heading_tag=\u00a0\u00bbdefault\u00a0\u00bb heading_tag_functionality=\u00a0\u00bbdefault\u00a0\u00bb title=\u00a0\u00bbCentriplus offre-t-il des garanties?\u00a0\u00bb][vc_column_text css=\u00a0\u00bb\u00a0\u00bb text_direction=\u00a0\u00bbdefault\u00a0\u00bb]Oui, toutes les pi\u00e8ces de rechange et tous les services Centriplus sont assortis d&rsquo;une garantie. Nos pi\u00e8ces de rechange sont couvertes par une garantie de 12 mois, et les pi\u00e8ces utilis\u00e9es dans les services d&rsquo;entretien et de r\u00e9vision, ainsi que le travail effectu\u00e9, b\u00e9n\u00e9ficient d&rsquo;une garantie similaire.<\/p>\n<p>Les conditions de garantie peuvent varier en fonction du type de pi\u00e8ce et de l&rsquo;\u00e9tendue du service. Pour plus de d\u00e9tails, n&rsquo;h\u00e9sitez pas \u00e0 nous contacter ou \u00e0 consulter les conditions de garantie avant le d\u00e9but du service.[\/vc_column_text][\/toggle][toggle color=\u00a0\u00bbDefault\u00a0\u00bb heading_tag=\u00a0\u00bbdefault\u00a0\u00bb heading_tag_functionality=\u00a0\u00bbdefault\u00a0\u00bb title=\u00a0\u00bbComment puis-je v\u00e9rifier la disponibilit\u00e9 des pieces d\u00e9tach\u00e9es?\u00a0\u00bb][vc_column_text css=\u00a0\u00bb\u00a0\u00bb text_direction=\u00a0\u00bbdefault\u00a0\u00bb]Centriplus dispose d&rsquo;un stock important de plus de 100 000 pi\u00e8ces d\u00e9tach\u00e9es, ce qui garantit un service rapide et efficace.<\/p>\n<p>Nous suivons une approche \u00ab\u00a0pr\u00eate \u00e0 l&#8217;emploi\u00a0\u00bb, ce qui signifie que les pi\u00e8ces stock\u00e9es sont imm\u00e9diatement disponibles. Les clients ayant un contrat de maintenance b\u00e9n\u00e9ficient d&rsquo;un acc\u00e8s prioritaire et d&rsquo;une livraison acc\u00e9l\u00e9r\u00e9e pour les composants critiques, ce qui permet d&rsquo;\u00e9viter les temps d&rsquo;arr\u00eat et d&rsquo;assurer le bon d\u00e9roulement des op\u00e9rations.[\/vc_column_text][\/toggle][\/toggles][\/vc_column][\/vc_row]\n","protected":false},"excerpt":{"rendered":"<p>[vc_row type=\u00a0\u00bbfull_width_background\u00a0\u00bb full_screen_row_position=\u00a0\u00bbmiddle\u00a0\u00bb column_margin=\u00a0\u00bbdefault\u00a0\u00bb column_direction=\u00a0\u00bbdefault\u00a0\u00bb column_direction_tablet=\u00a0\u00bbdefault\u00a0\u00bb column_direction_phone=\u00a0\u00bbdefault\u00a0\u00bb bg_color=\u00a0\u00bb#f7f7f7&Prime; scene_position=\u00a0\u00bbcenter\u00a0\u00bb top_padding=\u00a0\u00bb100&Prime; bottom_padding=\u00a0\u00bb100&Prime; text_color=\u00a0\u00bbdark\u00a0\u00bb text_align=\u00a0\u00bbleft\u00a0\u00bb row_border_radius=\u00a0\u00bbnone\u00a0\u00bb row_border_radius_applies=\u00a0\u00bbbg\u00a0\u00bb&#8230;<\/p>\n","protected":false},"author":1,"featured_media":0,"parent":0,"menu_order":0,"comment_status":"closed","ping_status":"closed","template":"","meta":{"footnotes":""},"class_list":["post-8758","page","type-page","status-publish"],"yoast_head":"<!-- This site is optimized with the Yoast SEO plugin v27.5 - https:\/\/yoast.com\/product\/yoast-seo-wordpress\/ -->\n<title>Foire Aux Questions - Centriplus | Keep Producing Plus Value<\/title>\n<meta name=\"description\" content=\"Centriplus r\u00e9pond pleinement aux questions les plus fr\u00e9quentes. Vous trouverez les r\u00e9ponses aux questions fr\u00e9quentes ici.\" \/>\n<meta name=\"robots\" content=\"index, follow, max-snippet:-1, max-image-preview:large, max-video-preview:-1\" \/>\n<link rel=\"canonical\" href=\"https:\/\/centriplus.com\/fr\/foire-aux-questions\/\" \/>\n<meta property=\"og:locale\" content=\"fr_FR\" \/>\n<meta property=\"og:type\" content=\"article\" \/>\n<meta property=\"og:title\" content=\"Foire Aux Questions - Centriplus | Keep Producing Plus Value\" \/>\n<meta property=\"og:description\" content=\"Centriplus r\u00e9pond pleinement aux questions les plus fr\u00e9quentes. Vous trouverez les r\u00e9ponses aux questions fr\u00e9quentes ici.\" \/>\n<meta property=\"og:url\" content=\"https:\/\/centriplus.com\/fr\/foire-aux-questions\/\" \/>\n<meta property=\"og:site_name\" content=\"Centriplus | Keep Producing Plus Value\" \/>\n<meta property=\"article:publisher\" content=\"https:\/\/www.facebook.com\/centriplusglobal\" \/>\n<meta property=\"article:modified_time\" content=\"2025-08-23T15:08:26+00:00\" \/>\n<meta property=\"og:image\" content=\"https:\/\/centriplus.com\/wp-content\/uploads\/2024\/08\/centriplus-web-site-image.jpg\" \/>\n\t<meta property=\"og:image:width\" content=\"1200\" \/>\n\t<meta property=\"og:image:height\" content=\"675\" \/>\n\t<meta property=\"og:image:type\" content=\"image\/jpeg\" \/>\n<meta name=\"twitter:card\" content=\"summary_large_image\" \/>\n<meta name=\"twitter:label1\" content=\"Dur\u00e9e de lecture estim\u00e9e\" \/>\n\t<meta name=\"twitter:data1\" content=\"4 minutes\" \/>\n<script type=\"application\/ld+json\" class=\"yoast-schema-graph\">{\"@context\":\"https:\\\/\\\/schema.org\",\"@graph\":[{\"@type\":\"WebPage\",\"@id\":\"https:\\\/\\\/centriplus.com\\\/fr\\\/foire-aux-questions\\\/\",\"url\":\"https:\\\/\\\/centriplus.com\\\/fr\\\/foire-aux-questions\\\/\",\"name\":\"Foire Aux Questions - Centriplus | Keep Producing Plus Value\",\"isPartOf\":{\"@id\":\"https:\\\/\\\/centriplus.com\\\/fr\\\/#website\"},\"datePublished\":\"2025-04-16T22:07:39+00:00\",\"dateModified\":\"2025-08-23T15:08:26+00:00\",\"description\":\"Centriplus r\u00e9pond pleinement aux questions les plus fr\u00e9quentes. Vous trouverez les r\u00e9ponses aux questions fr\u00e9quentes ici.\",\"breadcrumb\":{\"@id\":\"https:\\\/\\\/centriplus.com\\\/fr\\\/foire-aux-questions\\\/#breadcrumb\"},\"inLanguage\":\"fr-FR\",\"potentialAction\":[{\"@type\":\"ReadAction\",\"target\":[\"https:\\\/\\\/centriplus.com\\\/fr\\\/foire-aux-questions\\\/\"]}]},{\"@type\":\"BreadcrumbList\",\"@id\":\"https:\\\/\\\/centriplus.com\\\/fr\\\/foire-aux-questions\\\/#breadcrumb\",\"itemListElement\":[{\"@type\":\"ListItem\",\"position\":1,\"name\":\"Home\",\"item\":\"https:\\\/\\\/centriplus.com\\\/fr\\\/\"},{\"@type\":\"ListItem\",\"position\":2,\"name\":\"Foire Aux Questions\"}]},{\"@type\":\"WebSite\",\"@id\":\"https:\\\/\\\/centriplus.com\\\/fr\\\/#website\",\"url\":\"https:\\\/\\\/centriplus.com\\\/fr\\\/\",\"name\":\"Centriplus | Keep Producing Plus Value\",\"description\":\"\",\"publisher\":{\"@id\":\"https:\\\/\\\/centriplus.com\\\/fr\\\/#organization\"},\"potentialAction\":[{\"@type\":\"SearchAction\",\"target\":{\"@type\":\"EntryPoint\",\"urlTemplate\":\"https:\\\/\\\/centriplus.com\\\/fr\\\/?s={search_term_string}\"},\"query-input\":{\"@type\":\"PropertyValueSpecification\",\"valueRequired\":true,\"valueName\":\"search_term_string\"}}],\"inLanguage\":\"fr-FR\"},{\"@type\":\"Organization\",\"@id\":\"https:\\\/\\\/centriplus.com\\\/fr\\\/#organization\",\"name\":\"Centriplus | Keep Producing Plus Value\",\"url\":\"https:\\\/\\\/centriplus.com\\\/fr\\\/\",\"logo\":{\"@type\":\"ImageObject\",\"inLanguage\":\"fr-FR\",\"@id\":\"https:\\\/\\\/centriplus.com\\\/fr\\\/#\\\/schema\\\/logo\\\/image\\\/\",\"url\":\"https:\\\/\\\/centriplus.com\\\/wp-content\\\/uploads\\\/2024\\\/08\\\/centriplus-company-logo.jpg\",\"contentUrl\":\"https:\\\/\\\/centriplus.com\\\/wp-content\\\/uploads\\\/2024\\\/08\\\/centriplus-company-logo.jpg\",\"width\":512,\"height\":512,\"caption\":\"Centriplus | Keep Producing Plus Value\"},\"image\":{\"@id\":\"https:\\\/\\\/centriplus.com\\\/fr\\\/#\\\/schema\\\/logo\\\/image\\\/\"},\"sameAs\":[\"https:\\\/\\\/www.facebook.com\\\/centriplusglobal\",\"https:\\\/\\\/www.instagram.com\\\/centriplusseptech\\\/\"]}]}<\/script>\n<!-- \/ Yoast SEO plugin. -->","yoast_head_json":{"title":"Foire Aux Questions - Centriplus | Keep Producing Plus Value","description":"Centriplus r\u00e9pond pleinement aux questions les plus fr\u00e9quentes. Vous trouverez les r\u00e9ponses aux questions fr\u00e9quentes ici.","robots":{"index":"index","follow":"follow","max-snippet":"max-snippet:-1","max-image-preview":"max-image-preview:large","max-video-preview":"max-video-preview:-1"},"canonical":"https:\/\/centriplus.com\/fr\/foire-aux-questions\/","og_locale":"fr_FR","og_type":"article","og_title":"Foire Aux Questions - Centriplus | Keep Producing Plus Value","og_description":"Centriplus r\u00e9pond pleinement aux questions les plus fr\u00e9quentes. Vous trouverez les r\u00e9ponses aux questions fr\u00e9quentes ici.","og_url":"https:\/\/centriplus.com\/fr\/foire-aux-questions\/","og_site_name":"Centriplus | Keep Producing Plus Value","article_publisher":"https:\/\/www.facebook.com\/centriplusglobal","article_modified_time":"2025-08-23T15:08:26+00:00","og_image":[{"width":1200,"height":675,"url":"https:\/\/centriplus.com\/wp-content\/uploads\/2024\/08\/centriplus-web-site-image.jpg","type":"image\/jpeg"}],"twitter_card":"summary_large_image","twitter_misc":{"Dur\u00e9e de lecture estim\u00e9e":"4 minutes"},"schema":{"@context":"https:\/\/schema.org","@graph":[{"@type":"WebPage","@id":"https:\/\/centriplus.com\/fr\/foire-aux-questions\/","url":"https:\/\/centriplus.com\/fr\/foire-aux-questions\/","name":"Foire Aux Questions - Centriplus | Keep Producing Plus Value","isPartOf":{"@id":"https:\/\/centriplus.com\/fr\/#website"},"datePublished":"2025-04-16T22:07:39+00:00","dateModified":"2025-08-23T15:08:26+00:00","description":"Centriplus r\u00e9pond pleinement aux questions les plus fr\u00e9quentes. Vous trouverez les r\u00e9ponses aux questions fr\u00e9quentes ici.","breadcrumb":{"@id":"https:\/\/centriplus.com\/fr\/foire-aux-questions\/#breadcrumb"},"inLanguage":"fr-FR","potentialAction":[{"@type":"ReadAction","target":["https:\/\/centriplus.com\/fr\/foire-aux-questions\/"]}]},{"@type":"BreadcrumbList","@id":"https:\/\/centriplus.com\/fr\/foire-aux-questions\/#breadcrumb","itemListElement":[{"@type":"ListItem","position":1,"name":"Home","item":"https:\/\/centriplus.com\/fr\/"},{"@type":"ListItem","position":2,"name":"Foire Aux Questions"}]},{"@type":"WebSite","@id":"https:\/\/centriplus.com\/fr\/#website","url":"https:\/\/centriplus.com\/fr\/","name":"Centriplus | Keep Producing Plus Value","description":"","publisher":{"@id":"https:\/\/centriplus.com\/fr\/#organization"},"potentialAction":[{"@type":"SearchAction","target":{"@type":"EntryPoint","urlTemplate":"https:\/\/centriplus.com\/fr\/?s={search_term_string}"},"query-input":{"@type":"PropertyValueSpecification","valueRequired":true,"valueName":"search_term_string"}}],"inLanguage":"fr-FR"},{"@type":"Organization","@id":"https:\/\/centriplus.com\/fr\/#organization","name":"Centriplus | Keep Producing Plus Value","url":"https:\/\/centriplus.com\/fr\/","logo":{"@type":"ImageObject","inLanguage":"fr-FR","@id":"https:\/\/centriplus.com\/fr\/#\/schema\/logo\/image\/","url":"https:\/\/centriplus.com\/wp-content\/uploads\/2024\/08\/centriplus-company-logo.jpg","contentUrl":"https:\/\/centriplus.com\/wp-content\/uploads\/2024\/08\/centriplus-company-logo.jpg","width":512,"height":512,"caption":"Centriplus | Keep Producing Plus Value"},"image":{"@id":"https:\/\/centriplus.com\/fr\/#\/schema\/logo\/image\/"},"sameAs":["https:\/\/www.facebook.com\/centriplusglobal","https:\/\/www.instagram.com\/centriplusseptech\/"]}]}},"_links":{"self":[{"href":"https:\/\/centriplus.com\/fr\/wp-json\/wp\/v2\/pages\/8758","targetHints":{"allow":["GET"]}}],"collection":[{"href":"https:\/\/centriplus.com\/fr\/wp-json\/wp\/v2\/pages"}],"about":[{"href":"https:\/\/centriplus.com\/fr\/wp-json\/wp\/v2\/types\/page"}],"author":[{"embeddable":true,"href":"https:\/\/centriplus.com\/fr\/wp-json\/wp\/v2\/users\/1"}],"replies":[{"embeddable":true,"href":"https:\/\/centriplus.com\/fr\/wp-json\/wp\/v2\/comments?post=8758"}],"version-history":[{"count":4,"href":"https:\/\/centriplus.com\/fr\/wp-json\/wp\/v2\/pages\/8758\/revisions"}],"predecessor-version":[{"id":8847,"href":"https:\/\/centriplus.com\/fr\/wp-json\/wp\/v2\/pages\/8758\/revisions\/8847"}],"wp:attachment":[{"href":"https:\/\/centriplus.com\/fr\/wp-json\/wp\/v2\/media?parent=8758"}],"curies":[{"name":"wp","href":"https:\/\/api.w.org\/{rel}","templated":true}]}}